{"id":5,"date":"2015-10-26T17:40:02","date_gmt":"2015-10-26T17:40:02","guid":{"rendered":"http:\/\/aquamarkcr.com\/de\/?page_id=5"},"modified":"2015-11-12T13:44:44","modified_gmt":"2015-11-12T13:44:44","slug":"uber-uns","status":"publish","type":"page","link":"https:\/\/www.aquamarkcr.com\/de\/uber-uns\/","title":{"rendered":"\u00dcber uns"},"content":{"rendered":"<h5 style=\"text-align: center;\"><a href=\"http:\/\/aquamarkcr.com\/wp-content\/uploads\/2015\/07\/water-environmental-engineering-980x350.png\"><img loading=\"lazy\" class=\"alignnone size-full wp-image-15\" src=\"http:\/\/aquamarkcr.com\/wp-content\/uploads\/2015\/07\/water-environmental-engineering-980x350.png\" alt=\"water-environmental-engineering-980x350\" width=\"980\" height=\"350\" \/><\/a><\/h5>\n<h3 style=\"text-align: justify;\"><span style=\"color: #000080;\"><strong>AMECs ist hier um zu helfen.<\/strong><\/span><\/h3>\n<h5 style=\"text-align: justify;\">\u00a0Es gibt ein riesiges Potenzial f\u00fcr \u201ewirkliche\u201c und wichtige Arbeit. In den n\u00e4chsten 10 \u2013 20 Jahren wird Costa Rica alleine einen Wasserr\u00fcckgang von ca. 30% in den Pazifikregionen hinnehmen m\u00fcssen. Die Karibikseite wird unter heftigen \u00dcberflutungen leiden.<\/h5>\n<ul style=\"text-align: justify;\">\n<li>\n<h5>Unsere Mission ist es intelligente, realistische und nachhaltige L\u00f6sungen f\u00fcr Firmen und Organisationen zu kreieren<\/h5>\n<\/li>\n<\/ul>\n<ul style=\"text-align: justify;\">\n<li>\n<h5>Unsere Vision ist es f\u00fcr die Zukunft Wasser zu sparen, Wasserverluste zu minimieren und es erschwinglicher und zug\u00e4nglicher f\u00fcr alle zu machen; und so ein wenig den Effekten des Klimawandels entgegen zu wirken, damit die Menschen etwas harmonischer und im Einklang mit der Natur f\u00fcr viele Generationen weiterleben k\u00f6nnen<\/h5>\n<\/li>\n<\/ul>\n<h5 style=\"text-align: justify;\">Umr\u00fcstung und massive Modernisierung bietet eine einmalige M\u00f6glichkeit ein nachhaltiges und prosperierendes Modell f\u00fcr Costa Rica und die anderen Nationen in Zentralamerika zu zeichnen. Wir als Aquamark arbeiten mit Wasserbeh\u00f6rden, Wirtschaftsf\u00fchrern und Kommunen zusammen, um diese Herausforderungen mit \u201egenialen\u201c und kreativen L\u00f6sungen zu meistern. Unser Ziel ist es mit Investitionen, technischen Innovationen, Projektmanagement, kreativen Finanzierungsmodellen, und branchen\u00fcbergreifenden Partnerschaften bessere Wasserversorgungssysteme und starke Kommunen zu bilden.<\/h5>\n<h5 style=\"text-align: justify;\">Bildung und Training beschreiben markant was wir tun. Eines unserer dringlichsten Ziele ist es, den im Wasserbereich Arbeitenden oder Auszubildenden durch neue Technologien \u201eBest Practice\u201c zu vermitteln. Wir arbeiten mit Universit\u00e4ten, Beh\u00f6rden, Architekten und Bau-Profis um Zertifizierungs- und Schulungsbedarf zu decken.<\/h5>\n<h5 style=\"text-align: justify;\"><span style=\"color: #000080;\"><strong>\u00a0Hier finden Sie eine Liste der Projekte, die wir weltweit evaluiert haben:<\/strong><\/span><\/h5>\n<ul>\n<li style=\"text-align: justify;\">\n<h5>China: Reduktion der Treibhausgase durch professionelle Anpassung von Tankstellen f\u00fcr das Recycling von volatilen Kohlenwasserstoffen<\/h5>\n<\/li>\n<li style=\"text-align: justify;\">\n<h5>Zentralasien: Energieeffizienzprogramm f\u00fcr den Schutz der nat\u00fcrlichen Ressourcen und der Verbesserung der Lebensbedingungen<\/h5>\n<\/li>\n<li style=\"text-align: justify;\">\n<h5>Serbien: &#8222;Schweine f\u00fcr Kilowatt&#8220; &#8211; Vermeidung von Methanemissionen durch die Verwendung von Schweineg\u00fclle f\u00fcr die Biogasproduktion und zur Energieversorgung<\/h5>\n<\/li>\n<li style=\"text-align: justify;\">\n<h5>Vietnam: PoA Konzeptentwicklung f\u00fcr kleine Biogasanlagen in KMU f\u00fcr die dezentrale Energieversorgung in Vietnam<\/h5>\n<\/li>\n<li style=\"text-align: justify;\">\n<h5>Ukrain: Zukunftsweisender Ressourcenschutz durch den Einsatz von Abfallmaterial der alkoholischen G\u00e4rung<\/h5>\n<\/li>\n<li style=\"text-align: justify;\">\n<h5>St. Vincent &amp; Grenadinen: Biomasse Mensch und Tier Abfallbehandlung und Bioenergieerzeugung in St. Vincente und die Grenadinen<\/h5>\n<\/li>\n<li style=\"text-align: justify;\">\n<h5>Algerien: 50 MW Solarturmkraftwerk in Algerien (Alsol) mit der DGLR http:\/\/www.dglr.de\/<\/h5>\n<\/li>\n<li>\n<h5 style=\"text-align: justify;\">Weltweit: Vorbereitende Workshops f\u00fcr die Verhandlungsf\u00fchrer der Entwicklungsl\u00e4nder der United Nations Framework Convention UNFCCC (Rahmenkonvention der Vereinten Nationen \u00fcber Klima\u00e4nderungen) Bali Roadmap <a href=\"http:\/\/unfccc.int\/2860.php\">http:\/\/unfccc.int\/2860.php<\/a><\/h5>\n<\/li>\n<\/ul>\n","protected":false},"excerpt":{"rendered":"<p>AMECs ist hier um zu helfen. \u00a0Es gibt ein riesiges Potenzial f\u00fcr \u201ewirkliche\u201c und wichtige Arbeit. In den n\u00e4chsten 10 \u2013 20 Jahren wird Costa Rica alleine einen Wasserr\u00fcckgang von ca. 30% in den Pazifikregionen hinnehmen m\u00fcssen. Die Karibikseite wird unter heftigen \u00dcberflutungen leiden. Unsere Mission ist es intelligente, realistische und nachhaltige L\u00f6sungen f\u00fcr Firmen [&hellip;]<\/p>\n","protected":false},"author":1,"featured_media":0,"parent":0,"menu_order":0,"comment_status":"open","ping_status":"open","template":"","meta":[],"_links":{"self":[{"href":"https:\/\/www.aquamarkcr.com\/de\/wp-json\/wp\/v2\/pages\/5"}],"collection":[{"href":"https:\/\/www.aquamarkcr.com\/de\/wp-json\/wp\/v2\/pages"}],"about":[{"href":"https:\/\/www.aquamarkcr.com\/de\/wp-json\/wp\/v2\/types\/page"}],"author":[{"embeddable":true,"href":"https:\/\/www.aquamarkcr.com\/de\/wp-json\/wp\/v2\/users\/1"}],"replies":[{"embeddable":true,"href":"https:\/\/www.aquamarkcr.com\/de\/wp-json\/wp\/v2\/comments?post=5"}],"version-history":[{"count":8,"href":"https:\/\/www.aquamarkcr.com\/de\/wp-json\/wp\/v2\/pages\/5\/revisions"}],"predecessor-version":[{"id":269,"href":"https:\/\/www.aquamarkcr.com\/de\/wp-json\/wp\/v2\/pages\/5\/revisions\/269"}],"wp:attachment":[{"href":"https:\/\/www.aquamarkcr.com\/de\/wp-json\/wp\/v2\/media?parent=5"}],"curies":[{"name":"wp","href":"https:\/\/api.w.org\/{rel}","templated":true}]}}