{"id":520,"date":"2019-02-12T10:22:56","date_gmt":"2019-02-12T10:22:56","guid":{"rendered":"http:\/\/aquamarkcr.com\/de\/?page_id=520"},"modified":"2020-11-17T03:11:05","modified_gmt":"2020-11-17T03:11:05","slug":"energieaudits","status":"publish","type":"page","link":"https:\/\/www.aquamarkcr.com\/de\/dienstleistungen\/energieaudits\/","title":{"rendered":"Energieaudits"},"content":{"rendered":"<h2><strong>Energieaudit oder Energiemanagementsystem?<\/strong><\/h2>\n<h3><strong>Die rechtlichen Voraussetzungen<\/strong><\/h3>\n<h4>Im Jahre 2012 wurden von der Europ\u00e4ischen Union neue Ziele zur Steigerung der Energieeffizienz vereinbart. Hierzu wurde die sogenannte <a href=\"https:\/\/de.wikipedia.org\/wiki\/Richtlinie_2012\/27\/EU_(Energieeffizienz-Richtlinie)\"><u>Energieeffizienzrichtlinie 2012\/27\/EU<\/u><\/a> erlassen. In Deutschland wurde das Energiedienstleistungsgesetz (EDL-G) im Jahr 2015 angepasst. Damit wurde das nationale Recht neu geregelt und aktualisiert. Dies betrifft Artikel 8 Abs. 4-7 in denen klargestellt wird, dass alle Firmen die nicht als KMU definiert sind, ein Energieaudit bis Dezember 2015 nachzuweisen hatten.<\/h4>\n<h4>Bestand allerdings ein bereits zertifiziertes Energiemanagementsystem (EnMS) oder auch eine Selbstverpflichtung zur Einf\u00fchrung eines EnMS, galt das bereits als Erf\u00fcllung des Gesetzes. Zur Erf\u00fcllung des EDL-G kommen also mehrere M\u00f6glichkeiten in Frage. Zum einen kann ein Energieaudit nach <a href=\"https:\/\/de.wikipedia.org\/wiki\/EN_16247\"><u>DIN EN 16247-1<\/u><\/a> durchgef\u00fchrt werden oder ein Energiemanagementsystem (EnMS) nach <a href=\"https:\/\/de.wikipedia.org\/wiki\/ISO_50001\"><u>DIN EN ISO 50001<\/u><\/a> eingef\u00fchrt werden.<\/h4>\n<h4>Die Durchf\u00fchrung eines Energieaudits ist f\u00fcr <strong>NICHT \u2013 KMU<\/strong> rechtlich bindend! Wer dem \u201enicht nachkommt, nicht richtig oder nicht vollst\u00e4ndig nachkommt\u2026\u201c kann zu Bu\u00dfgeldern von bis zu 50.000 \u20ac verpflichtet werden <a href=\"http:\/\/www.bafa.de\/SharedDocs\/Downloads\/DE\/Energie\/ea_merkblatt.pdf?__blob=publicationFile&amp;v=5\">(<em>BAFA<\/em>)<\/a>.<\/h4>\n<h3><strong>Wer f\u00e4llt unter die NICHT \u2013 KMU Regelung?<\/strong><\/h3>\n<ul>\n<li>\n<h4>Wer 250 oder mehr Personen besch\u00e4ftigt oder<\/h4>\n<\/li>\n<li>\n<h4>Wer weniger als 250 Personen besch\u00e4ftigt, aber mehr als 50. Mio. Jahresumsatz und mehr als 43 Mio. \u20ac Jahresbilanzsumme hat<\/h4>\n<\/li>\n<\/ul>\n<h4>Da es eine Vielzahl von zus\u00e4tzlichen Fragen gibt, was passiert, wenn die Bilanzsummen oder Mitarbeiterzahlen schwanken, wann gilt der NICHT &#8211; KMU Status als beendet usw., senden Sie uns Ihre Fragen zu<\/h4>\n<h3><strong>Was ist g\u00fcnstiger f\u00fcr unseren Betrieb?<\/strong><\/h3>\n<h4>Bei der Frage ob nun Energieaudit oder die Einf\u00fchrung eines Energiemanagementsystems besser ist, muss klar gesagt werden, dass die Kosten f\u00fcr die Einf\u00fchrung eines EnMS weit h\u00f6her liegen. \u00dcber die Zeit aber, um alle 4 Jahre das Wiederholungsaudit durchzuf\u00fchren, kann aber ein EnMS g\u00fcnstiger liegen und bringt durch den steten Kontrollprozess auch finanzielle Einsparungen besser zum Tragen. Es hat sich auch rausgestellt, dass viele Betriebe ein Energieaudit zwar durchf\u00fchren, es aber an der Umsetzung hapern lassen.<\/h4>\n<a id=\"\" href=\"\/de\/kontaktiere-uns\/\" target=\"_self\" title=\"Kontaktieren Sie uns jetzt\" class=\"button_ alert large  margin-t0  aligncenter\" data-rt-animate=\"animate\" data-rt-animation-type=\"bounceIn\" data-rt-animation-group=\"single\" >Kontaktieren Sie uns jetzt<\/a>\n","protected":false},"excerpt":{"rendered":"<p>Energieaudit oder Energiemanagementsystem? Die rechtlichen Voraussetzungen Im Jahre 2012 wurden von der Europ\u00e4ischen Union neue Ziele zur Steigerung der Energieeffizienz vereinbart. Hierzu wurde die sogenannte Energieeffizienzrichtlinie 2012\/27\/EU erlassen. In Deutschland wurde das Energiedienstleistungsgesetz (EDL-G) im Jahr 2015 angepasst. Damit wurde das nationale Recht neu geregelt und aktualisiert. Dies betrifft Artikel 8 Abs. 4-7 in denen [&hellip;]<\/p>\n","protected":false},"author":3,"featured_media":0,"parent":44,"menu_order":0,"comment_status":"closed","ping_status":"closed","template":"","meta":[],"_links":{"self":[{"href":"https:\/\/www.aquamarkcr.com\/de\/wp-json\/wp\/v2\/pages\/520"}],"collection":[{"href":"https:\/\/www.aquamarkcr.com\/de\/wp-json\/wp\/v2\/pages"}],"about":[{"href":"https:\/\/www.aquamarkcr.com\/de\/wp-json\/wp\/v2\/types\/page"}],"author":[{"embeddable":true,"href":"https:\/\/www.aquamarkcr.com\/de\/wp-json\/wp\/v2\/users\/3"}],"replies":[{"embeddable":true,"href":"https:\/\/www.aquamarkcr.com\/de\/wp-json\/wp\/v2\/comments?post=520"}],"version-history":[{"count":12,"href":"https:\/\/www.aquamarkcr.com\/de\/wp-json\/wp\/v2\/pages\/520\/revisions"}],"predecessor-version":[{"id":534,"href":"https:\/\/www.aquamarkcr.com\/de\/wp-json\/wp\/v2\/pages\/520\/revisions\/534"}],"up":[{"embeddable":true,"href":"https:\/\/www.aquamarkcr.com\/de\/wp-json\/wp\/v2\/pages\/44"}],"wp:attachment":[{"href":"https:\/\/www.aquamarkcr.com\/de\/wp-json\/wp\/v2\/media?parent=520"}],"curies":[{"name":"wp","href":"https:\/\/api.w.org\/{rel}","templated":true}]}}