{"id":19,"date":"2015-07-19T14:46:27","date_gmt":"2015-07-19T20:46:27","guid":{"rendered":"http:\/\/aquamarkcr.com\/?page_id=19"},"modified":"2020-11-16T21:17:50","modified_gmt":"2020-11-17T03:17:50","slug":"sobre","status":"publish","type":"page","link":"https:\/\/www.aquamarkcr.com\/es\/sobre\/","title":{"rendered":"Sobre"},"content":{"rendered":"<h5 style=\"text-align: center;\"><a href=\"http:\/\/aquamarkcr.com\/wp-content\/uploads\/2015\/07\/water-environmental-engineering-980x350.png\"><img loading=\"lazy\" class=\"alignnone size-full wp-image-15\" src=\"http:\/\/aquamarkcr.com\/wp-content\/uploads\/2015\/07\/water-environmental-engineering-980x350.png\" alt=\"water-environmental-engineering-980x350\" width=\"980\" height=\"350\" \/><\/a><\/h5>\n<h3 style=\"text-align: justify;\"><strong><span style=\"color: #000080;\">Amecs est\u00e1 aqu\u00ed para ayudar.<\/span><\/strong><\/h3>\n<h5 style=\"text-align: justify;\">\u00a0Hay un gran potencial para el trabajo realista e importante en Costa Rica y la regi\u00f3n entera. En los pr\u00f3ximos 10-20 a\u00f1os , Costa Rica solo experimentar\u00e1 una disminuci\u00f3n del 30 % en el suministro total de agua en la regi\u00f3n del Pac\u00edfico . El sitio del Caribe sufrir\u00e1 bajo inundaci\u00f3n carne , lo que requerir\u00e1 soluciones inteligentes que utilizan las \u00faltimas tecnolog\u00edas de ahorro de agua .<\/h5>\n<ul style=\"text-align: justify;\">\n<li>\n<h5>Nuestra misi\u00f3n es proporcionar soluciones de riego inteligente , realistas y sostenibles para las empresas y organizaciones de todos los tama\u00f1os.<\/h5>\n<\/li>\n<\/ul>\n<ul style=\"text-align: justify;\">\n<li>\n<h5>Nuestra visi\u00f3n para el futuro es para ahorrar agua , reducir al m\u00ednimo la p\u00e9rdida de agua , por lo que es m\u00e1s asequible y al alcance de todos , mientras que revertir los efectos del cambio clim\u00e1tico para que las personas puedan vivir en armon\u00eda con la tierra durante muchas generaciones por venir.<\/h5>\n<\/li>\n<\/ul>\n<h5 style=\"text-align: justify;\">Modernizaci\u00f3n de los sistemas de agua masivos Reconstrucci\u00f3n y ofrecen una oportunidad \u00fanica en -la-vida para trazar un curso pr\u00f3spera sostenible para Costa Rica y otros pa\u00edses de Centroam\u00e9rica. Estamos trabajando Aquamark con agencias del agua , l\u00edderes empresariales, y las comunidades para responder a estos desaf\u00edos , la implementaci\u00f3n de soluciones ingeniosas y creativas . A trav\u00e9s de inversiones de capital , las innovaciones tecnol\u00f3gicas , gesti\u00f3n de proyectos , herramientas de financiaci\u00f3n creativas y alianzas intersectoriales , es nuestra meta para construir sistemas de agua m\u00e1s fuertes y comunidades fuertes.<\/h5>\n<h5 style=\"text-align: justify;\">Educaci\u00f3n y formaci\u00f3n figuras prominente en lo que hacemos . Uno de nuestros objetivos principales es ayudar a los profesionales de tratamiento de aguas aprenden a trav\u00e9s de las nuevas tecnolog\u00edas de \u00abmejores pr\u00e1cticas\u00bb para optimizar el rendimiento de la planta de tratamiento de agua .Trabajamos con universidades , agencias gubernamentales , arquitectos y profesionales de la construcci\u00f3n para ayudar a las necesidades de certificaci\u00f3n se encuentran y de formaci\u00f3n.<\/h5>\n<h5 style=\"text-align: justify;\"><span style=\"color: #000080;\"><strong>La siguiente es una lista de proyectos de evaluaci\u00f3n que hemos estado involucrados en todo el mundo:<\/strong><\/span><\/h5>\n<ul>\n<li style=\"text-align: justify;\">\n<h5>China: Reducci\u00f3n de Gases de Efecto Invernadero artesa ajuste profesional de las estaciones de gasolina para el reciclaje de Hidrocarburos volatil<\/h5>\n<\/li>\n<li style=\"text-align: justify;\">\n<h5>Asia Central: Programa de Eficiencia Energ\u00e9tica para la conversaci\u00f3n de Recources Naturales y la Mejora de las Condiciones de Vida<\/h5>\n<\/li>\n<li style=\"text-align: justify;\">\n<h5>Serbia: \u00abCerdos para Kilowatt\u00bb &#8211; Prevenci\u00f3n de Methan trav\u00e9s del uso de purines para la producci\u00f3n de biog\u00e1s y el suministro de energ\u00eda<\/h5>\n<\/li>\n<li style=\"text-align: justify;\">\n<h5>Vietnam: PoA Concepto de desarrollo para las peque\u00f1as plantas de biog\u00e1s en las PYME para el suministro de energ\u00eda decemtral en Vietnam<\/h5>\n<\/li>\n<li style=\"text-align: justify;\">\n<h5>Ucrania: protecci\u00f3n de los recursos marca tendencias a trav\u00e9s del uso de material de desecho de la fermentaci\u00f3n alcoh\u00f3lica<\/h5>\n<\/li>\n<li style=\"text-align: justify;\">\n<h5>San Vicente y Granadinas: Biomasa, Humana y de Tratamiento de Residuos de Animales y la Bioenerg\u00eda Generaci\u00f3n en San Vicente y las Granadinas<\/h5>\n<\/li>\n<li style=\"text-align: justify;\">\n<h5>Argelia: 50 MW Planta Solar Power Tower en Argelia (AlSol) con DGLR https:\/\/en.wikipedia.org\/wiki\/Deutsche_Gesellschaft_f%C3%BCr_Luft-_und_Raumfahrt<\/h5>\n<\/li>\n<li>\n<h5 style=\"text-align: justify;\">En todo el mundo: talleres preparatorios para negociadores de los pa\u00edses en desarrollo a partir de la UNFCCC (Convenci\u00f3n Marco de las Naciones Unidas sobre el Cambio Clim\u00e1tico) de Bali Roadmap <a href=\"http:\/\/unfccc.int\/portal_espanol\/items\/3093.php\">http:\/\/unfccc.int\/portal_espanol\/items\/3093.php<\/a><\/h5>\n<\/li>\n<\/ul>\n<h5><\/h5>\n","protected":false},"excerpt":{"rendered":"<p>Amecs est\u00e1 aqu\u00ed para ayudar. \u00a0Hay un gran potencial para el trabajo realista e importante en Costa Rica y la regi\u00f3n entera. En los pr\u00f3ximos 10-20 a\u00f1os , Costa Rica solo experimentar\u00e1 una disminuci\u00f3n del 30 % en el suministro total de agua en la regi\u00f3n del Pac\u00edfico . El sitio del Caribe sufrir\u00e1 bajo [&hellip;]<\/p>\n","protected":false},"author":1,"featured_media":0,"parent":0,"menu_order":0,"comment_status":"closed","ping_status":"closed","template":"","meta":[],"_links":{"self":[{"href":"https:\/\/www.aquamarkcr.com\/es\/wp-json\/wp\/v2\/pages\/19"}],"collection":[{"href":"https:\/\/www.aquamarkcr.com\/es\/wp-json\/wp\/v2\/pages"}],"about":[{"href":"https:\/\/www.aquamarkcr.com\/es\/wp-json\/wp\/v2\/types\/page"}],"author":[{"embeddable":true,"href":"https:\/\/www.aquamarkcr.com\/es\/wp-json\/wp\/v2\/users\/1"}],"replies":[{"embeddable":true,"href":"https:\/\/www.aquamarkcr.com\/es\/wp-json\/wp\/v2\/comments?post=19"}],"version-history":[{"count":8,"href":"https:\/\/www.aquamarkcr.com\/es\/wp-json\/wp\/v2\/pages\/19\/revisions"}],"predecessor-version":[{"id":442,"href":"https:\/\/www.aquamarkcr.com\/es\/wp-json\/wp\/v2\/pages\/19\/revisions\/442"}],"wp:attachment":[{"href":"https:\/\/www.aquamarkcr.com\/es\/wp-json\/wp\/v2\/media?parent=19"}],"curies":[{"name":"wp","href":"https:\/\/api.w.org\/{rel}","templated":true}]}}