{"id":379,"date":"2017-02-08T13:10:36","date_gmt":"2017-02-08T19:10:36","guid":{"rendered":"http:\/\/aquamarkcr.com\/es\/?page_id=379"},"modified":"2020-11-16T21:18:22","modified_gmt":"2020-11-17T03:18:22","slug":"zamba","status":"publish","type":"page","link":"https:\/\/www.aquamarkcr.com\/es\/zamba\/","title":{"rendered":"ZAMBA"},"content":{"rendered":"<p>ZAMBA, o la Agencia Empresarial Centroamericana, es el Pool de Empresas resultante de la asociaci\u00f3n entre Aquamark, ubicada en Costa Rica y GLB, ubicada en Alemania. Esta es una soluci\u00f3n de entrada en el mercado para que las empresas extranjeras puedan transitar f\u00e1cilmente a un mercado centroamericano. Nuestro nuevo Director Gerente en Aquamark, Ricardo Vargas, aporta una riqueza de conocimientos en gesti\u00f3n de servicios, Desarrollo de Gesti\u00f3n de Calidad y es nativo de Costa Rica.<\/p>\n<p>Algunos servicios ofrecidos a los miembros del grupo de empresas por ZAMBA son:<\/p>\n<p>An\u00e1lisis de riesgo y de mercado<br \/>\nEvaluaci\u00f3n de las condiciones marco legales y pol\u00edticas<br \/>\nInversi\u00f3n y financiaci\u00f3n<br \/>\nLicitaciones, ventas y distribuci\u00f3n de alimentos y productos agr\u00edcolas de Am\u00e9rica Latina a Alemania<br \/>\nApoyo a la entrada en el mercado<br \/>\nConsultor\u00eda estrat\u00e9gica<br \/>\nImplementaci\u00f3n del plan regional<\/p>\n<p>En Aquamark continuaremos nuestro trabajo en los campos de la educaci\u00f3n y la formaci\u00f3n para los sectores de la energ\u00eda verde, con una concentraci\u00f3n en la energ\u00eda generada por el viento y el agua. Tambi\u00e9n continuaremos ofreciendo productos relacionados, como la tecnolog\u00eda de membranas y el software Valentin, entre otros.<\/p>\n","protected":false},"excerpt":{"rendered":"<p>ZAMBA, o la Agencia Empresarial Centroamericana, es el Pool de Empresas resultante de la asociaci\u00f3n entre Aquamark, ubicada en Costa Rica y GLB, ubicada en Alemania. Esta es una soluci\u00f3n de entrada en el mercado para que las empresas extranjeras puedan transitar f\u00e1cilmente a un mercado centroamericano. Nuestro nuevo Director Gerente en Aquamark, Ricardo Vargas, [&hellip;]<\/p>\n","protected":false},"author":2,"featured_media":0,"parent":0,"menu_order":0,"comment_status":"closed","ping_status":"closed","template":"","meta":[],"_links":{"self":[{"href":"https:\/\/www.aquamarkcr.com\/es\/wp-json\/wp\/v2\/pages\/379"}],"collection":[{"href":"https:\/\/www.aquamarkcr.com\/es\/wp-json\/wp\/v2\/pages"}],"about":[{"href":"https:\/\/www.aquamarkcr.com\/es\/wp-json\/wp\/v2\/types\/page"}],"author":[{"embeddable":true,"href":"https:\/\/www.aquamarkcr.com\/es\/wp-json\/wp\/v2\/users\/2"}],"replies":[{"embeddable":true,"href":"https:\/\/www.aquamarkcr.com\/es\/wp-json\/wp\/v2\/comments?post=379"}],"version-history":[{"count":1,"href":"https:\/\/www.aquamarkcr.com\/es\/wp-json\/wp\/v2\/pages\/379\/revisions"}],"predecessor-version":[{"id":380,"href":"https:\/\/www.aquamarkcr.com\/es\/wp-json\/wp\/v2\/pages\/379\/revisions\/380"}],"wp:attachment":[{"href":"https:\/\/www.aquamarkcr.com\/es\/wp-json\/wp\/v2\/media?parent=379"}],"curies":[{"name":"wp","href":"https:\/\/api.w.org\/{rel}","templated":true}]}}